{"id":6268,"date":"2023-06-20T17:07:29","date_gmt":"2023-06-20T16:07:29","guid":{"rendered":"https:\/\/www.poggiodelsolehotel.it\/ibisco-spa-cards\/"},"modified":"2023-06-27T08:53:55","modified_gmt":"2023-06-27T07:53:55","slug":"ibisco-spa-cards","status":"publish","type":"page","link":"https:\/\/www.poggiodelsolehotel.it\/en\/ibisco-spa-cards\/","title":{"rendered":"Ibisco Spa Cards"},"content":{"rendered":"\t\t<div data-elementor-type=\"wp-page\" data-elementor-id=\"6268\" class=\"elementor elementor-6268 elementor-6166\">\n\t\t\t\t\t\t<section class=\"elementor-section elementor-top-section elementor-element elementor-element-6cea90f elementor-section-full_width elementor-section-height-default elementor-section-height-default\" data-id=\"6cea90f\" data-element_type=\"section\" data-e-type=\"section\" data-settings=\"{&quot;background_background&quot;:&quot;slideshow&quot;,&quot;background_slideshow_gallery&quot;:[{&quot;id&quot;:3564,&quot;url&quot;:&quot;https:\\\/\\\/www.poggiodelsolehotel.it\\\/wp-content\\\/uploads\\\/2022\\\/12\\\/banner_camere.jpg&quot;}],&quot;animation&quot;:&quot;none&quot;,&quot;background_slideshow_loop&quot;:&quot;yes&quot;,&quot;background_slideshow_slide_duration&quot;:5000,&quot;background_slideshow_slide_transition&quot;:&quot;fade&quot;,&quot;background_slideshow_transition_duration&quot;:500}\">\n\t\t\t\t\t\t<div class=\"elementor-container elementor-column-gap-default\">\n\t\t\t\t\t<div class=\"elementor-column elementor-col-100 elementor-top-column elementor-element elementor-element-1851bb0\" data-id=\"1851bb0\" data-element_type=\"column\" data-e-type=\"column\">\n\t\t\t<div class=\"elementor-widget-wrap elementor-element-populated\">\n\t\t\t\t\t\t<div class=\"elementor-element elementor-element-29c6776 elementor-invisible elementor-widget elementor-widget-romancy_elementor_heading\" data-id=\"29c6776\" data-element_type=\"widget\" data-e-type=\"widget\" data-settings=\"{&quot;_animation&quot;:&quot;ova-move-up&quot;}\" data-widget_type=\"romancy_elementor_heading.default\">\n\t\t\t\t<div class=\"elementor-widget-container\">\n\t\t\t\t\t\t\t<div class=\"ova-title\">\n\n\t\t\t\n\t\t\t\t\t\t\t\n\t\t\t\t\t\t\t<h2 class=\"title\">\n\n\t\t\t\t\t\t\t\tTessere SPA Ibisco\t\t\t\t\t\t\t\t \n\n\t\t\t\t\t\t\t<\/h2>\n\t\t\t\t\t\t\t\n\t\t\t\n\t\t<\/div> \n\t\t \t\n\t\t\t\t\t\t<\/div>\n\t\t\t\t<\/div>\n\t\t\t\t\t<\/div>\n\t\t<\/div>\n\t\t\t\t\t<\/div>\n\t\t<\/section>\n\t\t\t\t<section class=\"elementor-section elementor-top-section elementor-element elementor-element-1bdf3bb elementor-section-boxed elementor-section-height-default elementor-section-height-default\" data-id=\"1bdf3bb\" data-element_type=\"section\" data-e-type=\"section\" data-settings=\"{&quot;background_background&quot;:&quot;classic&quot;}\">\n\t\t\t\t\t\t<div class=\"elementor-container elementor-column-gap-default\">\n\t\t\t\t\t<div class=\"elementor-column elementor-col-100 elementor-top-column elementor-element elementor-element-4207889\" data-id=\"4207889\" data-element_type=\"column\" data-e-type=\"column\">\n\t\t\t<div class=\"elementor-widget-wrap elementor-element-populated\">\n\t\t\t\t\t\t<div class=\"elementor-element elementor-element-c8e41bc elementor-widget elementor-widget-romancy_elementor_heading\" data-id=\"c8e41bc\" data-element_type=\"widget\" data-e-type=\"widget\" data-widget_type=\"romancy_elementor_heading.default\">\n\t\t\t\t<div class=\"elementor-widget-container\">\n\t\t\t\t\t\t\t<div class=\"ova-title\">\n\n\t\t\t\t\t\t\t<h3 class=\"sub-title\">RELAX E TRANQUILLITA&#039;<\/h3>\n\t\t\t\n\t\t\t\t\t\t\t\n\t\t\t\t\t\t\t<h2 class=\"title\">\n\n\t\t\t\t\t\t\t\tPoggio del Sole Hotel ha sempre un&#039;Offerta per te...\t\t\t\t\t\t\t\t \n\n\t\t\t\t\t\t\t<\/h2>\n\t\t\t\t\t\t\t\n\t\t\t\t\t\t\t<p class=\"description\"> In questa sezione verranno presentate offerte e promozioni che il Poggio del Sole Hotel ha pensato per te.\n\nLa posizione dell&#039;albergo (scopri come raggiungerci), 4 stelle tra i pi\u00f9 prestigiosi di Ragusa, ti permetter\u00e0 di godere della pace della campagna iblea e la facilit\u00e0 di raggiungere tutte le mete pi\u00f9 visitate oltre le vie di collegamento come il porto tutistico di Marina di Ragusa e l&#039;aeroporto di Comiso e Catania. <\/p>\n\t\t\t\n\t\t<\/div> \n\t\t \t\n\t\t\t\t\t\t<\/div>\n\t\t\t\t<\/div>\n\t\t\t\t\t<\/div>\n\t\t<\/div>\n\t\t\t\t\t<\/div>\n\t\t<\/section>\n\t\t\t\t<section class=\"elementor-section elementor-top-section elementor-element elementor-element-ce9c856 elementor-section-boxed elementor-section-height-default elementor-section-height-default\" data-id=\"ce9c856\" data-element_type=\"section\" data-e-type=\"section\">\n\t\t\t\t\t\t<div class=\"elementor-container elementor-column-gap-default\">\n\t\t\t\t\t<div class=\"elementor-column elementor-col-100 elementor-top-column elementor-element elementor-element-7fe87b4\" data-id=\"7fe87b4\" data-element_type=\"column\" data-e-type=\"column\">\n\t\t\t<div class=\"elementor-widget-wrap elementor-element-populated\">\n\t\t\t\t\t\t<div class=\"elementor-element elementor-element-74bed25 premium-blog-align-left elementor-widget elementor-widget-premium-addon-blog\" data-id=\"74bed25\" data-element_type=\"widget\" data-e-type=\"widget\" data-settings=\"{&quot;premium_blog_grid&quot;:&quot;yes&quot;,&quot;premium_blog_layout&quot;:&quot;even&quot;,&quot;premium_blog_columns_number&quot;:&quot;50%&quot;,&quot;premium_blog_columns_number_tablet&quot;:&quot;50%&quot;,&quot;premium_blog_columns_number_mobile&quot;:&quot;100%&quot;}\" data-widget_type=\"premium-addon-blog.default\">\n\t\t\t\t<div class=\"elementor-widget-container\">\n\t\t\t\t\t\t\t<div class=\"premium-error-notice\">\n\t\t\tNo offer is present at this time.\t\t<\/div>\n\t\t\t\t\t\t<\/div>\n\t\t\t\t<\/div>\n\t\t\t\t\t<\/div>\n\t\t<\/div>\n\t\t\t\t\t<\/div>\n\t\t<\/section>\n\t\t\t\t<\/div>\n\t\t","protected":false},"excerpt":{"rendered":"<p>Tessere SPA Ibisco RELAX E TRANQUILLITA&#039; Poggio del Sole Hotel ha sempre un&#039;Offerta per te&#8230; In questa sezione verranno presentate offerte e promozioni che il Poggio del Sole Hotel ha pensato per te. La posizione dell&#039;albergo (scopri come raggiungerci), 4 stelle tra i pi\u00f9 prestigiosi di Ragusa, ti permetter\u00e0 di godere della pace della campagna [&hellip;]<\/p>\n","protected":false},"author":1,"featured_media":0,"parent":0,"menu_order":0,"comment_status":"closed","ping_status":"closed","template":"elementor_header_footer","meta":{"footnotes":""},"class_list":["post-6268","page","type-page","status-publish","hentry"],"_links":{"self":[{"href":"https:\/\/www.poggiodelsolehotel.it\/en\/wp-json\/wp\/v2\/pages\/6268","targetHints":{"allow":["GET"]}}],"collection":[{"href":"https:\/\/www.poggiodelsolehotel.it\/en\/wp-json\/wp\/v2\/pages"}],"about":[{"href":"https:\/\/www.poggiodelsolehotel.it\/en\/wp-json\/wp\/v2\/types\/page"}],"author":[{"embeddable":true,"href":"https:\/\/www.poggiodelsolehotel.it\/en\/wp-json\/wp\/v2\/users\/1"}],"replies":[{"embeddable":true,"href":"https:\/\/www.poggiodelsolehotel.it\/en\/wp-json\/wp\/v2\/comments?post=6268"}],"version-history":[{"count":8,"href":"https:\/\/www.poggiodelsolehotel.it\/en\/wp-json\/wp\/v2\/pages\/6268\/revisions"}],"predecessor-version":[{"id":6382,"href":"https:\/\/www.poggiodelsolehotel.it\/en\/wp-json\/wp\/v2\/pages\/6268\/revisions\/6382"}],"wp:attachment":[{"href":"https:\/\/www.poggiodelsolehotel.it\/en\/wp-json\/wp\/v2\/media?parent=6268"}],"curies":[{"name":"wp","href":"https:\/\/api.w.org\/{rel}","templated":true}]}}